{"id":128,"date":"2025-10-12T14:10:17","date_gmt":"2025-10-12T14:10:17","guid":{"rendered":"https:\/\/quiosk.fr\/?page_id=128"},"modified":"2025-10-12T14:12:46","modified_gmt":"2025-10-12T14:12:46","slug":"mention-legales","status":"publish","type":"page","link":"https:\/\/quiosk.fr\/index.php\/mention-legales\/","title":{"rendered":"Mention l\u00e9gales"},"content":{"rendered":"<style>.elementor-128 .elementor-element.elementor-element-7c09ac9{--display:flex;}<\/style>\t\t<div data-elementor-type=\"wp-page\" data-elementor-id=\"128\" class=\"elementor elementor-128\">\n\t\t\t\t<div class=\"elementor-element elementor-element-7c09ac9 e-flex e-con-boxed e-con e-parent\" data-id=\"7c09ac9\" data-element_type=\"container\" data-e-type=\"container\">\n\t\t\t\t\t<div class=\"e-con-inner\">\n\t\t\t\t<div class=\"elementor-element elementor-element-16f5d4f elementor-widget elementor-widget-text-editor\" data-id=\"16f5d4f\" data-element_type=\"widget\" data-e-type=\"widget\" data-widget_type=\"text-editor.default\">\n\t\t\t\t\t\t\t\t\t<p class=\"p3\">\u00a0<\/p><h1><b>\u00a0Mentions l\u00e9gales<\/b><\/h1><p>\u00a0<\/p><p class=\"p4\"><b>Derni\u00e8re mise \u00e0 jour : [ 12 Oct 2025]<\/b><b><\/b><\/p><p class=\"p1\">Conform\u00e9ment aux dispositions des articles 6-III et 19 de la <span class=\"s1\"><b>Loi n\u00b02004-575 du 21 juin 2004 pour la Confiance dans l\u2019\u00c9conomie Num\u00e9rique (LCEN)<\/b><\/span>, il est port\u00e9 \u00e0 la connaissance des utilisateurs du site <span class=\"s1\"><b>https:\/\/quiosk.fr<\/b><\/span> les pr\u00e9sentes mentions l\u00e9gales.<\/p><p class=\"p3\">\u00a0<\/p><hr \/><p>\u00a0<\/p><p class=\"p3\">\u00a0<\/p><h2><b>1. \u00a0\u00c9diteur du site<\/b><\/h2><p>\u00a0<\/p><p class=\"p4\"><b>Quiosk<\/b><b><\/b><\/p><p class=\"p1\">Accompagnateur \u00e0 la cr\u00e9ation de formation, digitalisation et automatisation.<\/p><p class=\"p4\"><b>Si\u00e8ge social :<\/b><b><\/b><\/p><p class=\"p1\">12 avenue du 8 mai 1945<\/p><p class=\"p1\">95200 Sarcelles \u2013 France<\/p><p class=\"p1\">\ud83d\udce7 <span class=\"s1\"><b>Email :<\/b><\/span> contact@quiosk.fr<\/p><p class=\"p1\">\ud83c\udf10 <span class=\"s1\"><b>Site :<\/b><\/span> <a href=\"https:\/\/quiosk.fr\/\">https:\/\/quiosk.fr<\/a><\/p><p class=\"p1\"><span class=\"s1\"><b>Responsable de la publication :<\/b><\/span> Mike ELIE<\/p><p class=\"p1\">\ud83d\udce9 Contact : contact@quiosk.fr<\/p><p class=\"p1\">\u00a0<\/p><p class=\"p4\"><b>SIRET \/ SIREN :<\/b><span class=\"s3\"> 810728360<\/span><\/p><p class=\"p1\"><span class=\"s1\"><b>Forme juridique : SAS<\/b><\/span><\/p><p class=\"p3\">\u00a0<\/p><hr \/><p>\u00a0<\/p><p class=\"p3\">\u00a0<\/p><h2><b>2. \u00a0H\u00e9bergement du site<\/b><\/h2><p>\u00a0<\/p><p class=\"p1\">Le site <span class=\"s1\"><b>Quiosk.fr<\/b><\/span> est h\u00e9berg\u00e9 par :<\/p><p class=\"p4\"><b>OVH SAS<\/b><b><\/b><\/p><p class=\"p1\">2 rue Kellermann \u2013 59100 Roubaix \u2013 France<\/p><p class=\"p1\">\ud83d\udcde T\u00e9l\u00e9phone : 1007 (appel gratuit depuis un poste fixe en France)<\/p><p class=\"p1\">\ud83c\udf10 <a href=\"https:\/\/www.ovhcloud.com\/\">https:\/\/www.ovhcloud.com<\/a><\/p><p class=\"p3\">\u00a0<\/p><hr \/><p>\u00a0<\/p><p class=\"p3\">\u00a0<\/p><h2><b>3. \u00a0Propri\u00e9t\u00e9 intellectuelle<\/b><\/h2><p>\u00a0<\/p><p class=\"p1\">L\u2019ensemble du contenu pr\u00e9sent sur le site <span class=\"s1\"><b>Quiosk.fr<\/b><\/span> (textes, images, graphismes, logo, vid\u00e9os, ic\u00f4nes, code source, structure g\u00e9n\u00e9rale) est prot\u00e9g\u00e9 par le <span class=\"s1\"><b>droit d\u2019auteur<\/b><\/span> et la <span class=\"s1\"><b>propri\u00e9t\u00e9 intellectuelle<\/b><\/span> selon la l\u00e9gislation fran\u00e7aise et internationale.<\/p><p class=\"p1\">Toute reproduction, repr\u00e9sentation, modification ou diffusion totale ou partielle du contenu, sans autorisation \u00e9crite pr\u00e9alable de <span class=\"s1\"><b>Quiosk<\/b><\/span>, est strictement interdite et constituerait une contrefa\u00e7on au sens des articles <span class=\"s1\"><b>L.335-2 et suivants du Code de la Propri\u00e9t\u00e9 Intellectuelle<\/b><\/span>.<\/p><p class=\"p3\">\u00a0<\/p><hr \/><p>\u00a0<\/p><p class=\"p3\">\u00a0<\/p><h2><b>4. \u00a0Donn\u00e9es personnelles<\/b><\/h2><p>\u00a0<\/p><p class=\"p1\">La collecte et le traitement de vos donn\u00e9es personnelles via le site <span class=\"s1\"><b>Quiosk.fr<\/b><\/span> sont r\u00e9alis\u00e9s conform\u00e9ment au <span class=\"s1\"><b>R\u00e8glement G\u00e9n\u00e9ral sur la Protection des Donn\u00e9es (RGPD)<\/b><\/span>.<\/p><p class=\"p1\">Pour plus d\u2019informations, consultez notre <a href=\"https:\/\/quiosk.fr\/politique-de-confidentialite\"><span class=\"s1\"><b>Politique de Confidentialit\u00e9<\/b><\/span><\/a>.<\/p><p class=\"p3\">\u00a0<\/p><hr \/><p>\u00a0<\/p><p class=\"p3\">\u00a0<\/p><h2><b>5. \u00a0Cookies<\/b><\/h2><p>\u00a0<\/p><p class=\"p1\">Le site <span class=\"s1\"><b>Quiosk.fr<\/b><\/span> peut utiliser des <span class=\"s1\"><b>cookies<\/b><\/span> pour am\u00e9liorer l\u2019exp\u00e9rience utilisateur, mesurer l\u2019audience et optimiser les performances du site.<\/p><p class=\"p1\">Vous pouvez \u00e0 tout moment g\u00e9rer ou refuser les cookies via les param\u00e8tres de votre navigateur.<\/p><p class=\"p3\">\u00a0<\/p><hr \/><p>\u00a0<\/p><p class=\"p3\">\u00a0<\/p><h2><b>6. \u26a0\ufe0fLimitation de responsabilit\u00e9<\/b><\/h2><p>\u00a0<\/p><p class=\"p1\"><span class=\"s1\"><b>Quiosk<\/b><\/span> met tout en \u0153uvre pour assurer l\u2019exactitude et la mise \u00e0 jour des informations diffus\u00e9es sur son site.<\/p><p class=\"p1\">Cependant, <span class=\"s1\"><b>Quiosk<\/b><\/span> ne saurait \u00eatre tenue responsable :<\/p><p class=\"p3\">\u00a0<\/p><ul><li><p class=\"p1\">des omissions, inexactitudes ou carences dans la mise \u00e0 jour,<\/p><\/li><li><p class=\"p1\">des dommages directs ou indirects li\u00e9s \u00e0 l\u2019utilisation du site,<\/p><\/li><li><p class=\"p1\">ou d\u2019\u00e9ventuels dysfonctionnements techniques ou interruptions temporaires du service.<\/p><\/li><\/ul><p>\u00a0<\/p><p class=\"p1\">L\u2019utilisateur reconna\u00eet utiliser le site sous sa seule responsabilit\u00e9.<\/p><p class=\"p3\">\u00a0<\/p><hr \/><p>\u00a0<\/p><p class=\"p3\">\u00a0<\/p><h2><b>7. Liens externes<\/b><\/h2><p>\u00a0<\/p><p class=\"p1\">Le site peut contenir des liens hypertextes vers d\u2019autres sites.<\/p><p class=\"p1\"><span class=\"s1\"><b>Quiosk<\/b><\/span> n\u2019exerce aucun contr\u00f4le sur ces sites et ne saurait \u00eatre responsable de leur contenu, de leur politique de confidentialit\u00e9 ou de leurs pratiques.<\/p><p class=\"p3\">\u00a0<\/p><hr \/><p>\u00a0<\/p><p class=\"p3\">\u00a0<\/p><h2><b>8. \u00a0Droit applicable<\/b><\/h2><p>\u00a0<\/p><p class=\"p1\">Les pr\u00e9sentes mentions l\u00e9gales sont r\u00e9gies par le <span class=\"s1\"><b>droit fran\u00e7ais<\/b><\/span>.<\/p><p class=\"p1\">En cas de litige, et \u00e0 d\u00e9faut de r\u00e9solution amiable, comp\u00e9tence est attribu\u00e9e aux <span class=\"s1\"><b>tribunaux fran\u00e7ais<\/b><\/span> comp\u00e9tents.<\/p><p class=\"p3\">\u00a0<\/p><hr \/><p>\u00a0<\/p><p class=\"p3\">\u00a0<\/p><h2><b>\ud83d\udcde Contact<\/b><\/h2><p>\u00a0<\/p><p class=\"p1\">Pour toute question relative au site ou \u00e0 son contenu :<\/p><p class=\"p4\"><b>Quiosk<\/b><b><\/b><\/p><p class=\"p1\">\ud83d\udccd 12 avenue du 8 mai 1945, 95200 Sarcelles<\/p><p class=\"p1\">\ud83d\udce7 contact@quiosk.fr<\/p><p class=\"p1\">\ud83c\udf10 <a href=\"https:\/\/quiosk.fr\/\">https:\/\/quiosk.fr<\/a><\/p><p class=\"p1\">\u00a0<\/p>\t\t\t\t\t\t\t\t<\/div>\n\t\t\t\t\t<\/div>\n\t\t\t\t<\/div>\n\t\t\t\t<\/div>\n\t\t","protected":false},"excerpt":{"rendered":"<p>\u00a0 \u00a0Mentions l\u00e9gales \u00a0 Derni\u00e8re mise \u00e0 jour : [ 12 Oct 2025] Conform\u00e9ment aux dispositions des articles 6-III et 19 de la Loi n\u00b02004-575 du 21 juin 2004 pour la Confiance dans l\u2019\u00c9conomie Num\u00e9rique (LCEN), il est port\u00e9 \u00e0 la connaissance des utilisateurs du site https:\/\/quiosk.fr les pr\u00e9sentes mentions l\u00e9gales. \u00a0 \u00a0 \u00a0 1. [&hellip;]<\/p>\n","protected":false},"author":1,"featured_media":0,"parent":0,"menu_order":0,"comment_status":"closed","ping_status":"closed","template":"","meta":{"footnotes":""},"class_list":["post-128","page","type-page","status-publish","hentry"],"_links":{"self":[{"href":"https:\/\/quiosk.fr\/index.php\/wp-json\/wp\/v2\/pages\/128","targetHints":{"allow":["GET"]}}],"collection":[{"href":"https:\/\/quiosk.fr\/index.php\/wp-json\/wp\/v2\/pages"}],"about":[{"href":"https:\/\/quiosk.fr\/index.php\/wp-json\/wp\/v2\/types\/page"}],"author":[{"embeddable":true,"href":"https:\/\/quiosk.fr\/index.php\/wp-json\/wp\/v2\/users\/1"}],"replies":[{"embeddable":true,"href":"https:\/\/quiosk.fr\/index.php\/wp-json\/wp\/v2\/comments?post=128"}],"version-history":[{"count":4,"href":"https:\/\/quiosk.fr\/index.php\/wp-json\/wp\/v2\/pages\/128\/revisions"}],"predecessor-version":[{"id":132,"href":"https:\/\/quiosk.fr\/index.php\/wp-json\/wp\/v2\/pages\/128\/revisions\/132"}],"wp:attachment":[{"href":"https:\/\/quiosk.fr\/index.php\/wp-json\/wp\/v2\/media?parent=128"}],"curies":[{"name":"wp","href":"https:\/\/api.w.org\/{rel}","templated":true}]}}